{"id":2291,"date":"2025-06-24T15:41:18","date_gmt":"2025-06-24T13:41:18","guid":{"rendered":"https:\/\/nurviapartners.com\/news\/"},"modified":"2025-07-04T01:06:49","modified_gmt":"2025-07-03T23:06:49","slug":"news","status":"publish","type":"page","link":"https:\/\/nurviapartners.com\/en\/news\/","title":{"rendered":"NEWS"},"content":{"rendered":"\t\t<div data-elementor-type=\"wp-page\" data-elementor-id=\"2291\" class=\"elementor elementor-2291 elementor-1570\" data-elementor-post-type=\"page\">\n\t\t\t\t<div class=\"elementor-element elementor-element-9ed952c e-con-full e-flex e-con e-parent\" data-id=\"9ed952c\" data-element_type=\"container\" data-e-type=\"container\" data-settings=\"{&quot;background_background&quot;:&quot;classic&quot;}\">\n\t\t<div class=\"elementor-element elementor-element-69259ad9 e-flex e-con-boxed e-con e-child\" data-id=\"69259ad9\" data-element_type=\"container\" data-e-type=\"container\">\n\t\t\t\t\t<div class=\"e-con-inner\">\n\t\t<div class=\"elementor-element elementor-element-6b242866 e-con-full e-flex e-con e-child\" data-id=\"6b242866\" data-element_type=\"container\" data-e-type=\"container\">\n\t\t\t\t<div class=\"elementor-element elementor-element-473d4391 exwb-magnet-no exad-sticky-section-no exad-glass-effect-no elementor-widget elementor-widget-heading\" data-id=\"473d4391\" data-element_type=\"widget\" data-e-type=\"widget\" data-widget_type=\"heading.default\">\n\t\t\t\t<div class=\"elementor-widget-container\">\n\t\t\t\t\t<h2 class=\"elementor-heading-title elementor-size-default\">NEWS<\/h2>\t\t\t\t<\/div>\n\t\t\t\t<\/div>\n\t\t\t\t<div class=\"elementor-element elementor-element-179bd37c exwb-magnet-no exad-sticky-section-no exad-glass-effect-no elementor-widget elementor-widget-text-editor\" data-id=\"179bd37c\" data-element_type=\"widget\" data-e-type=\"widget\" data-widget_type=\"text-editor.default\">\n\t\t\t\t<div class=\"elementor-widget-container\">\n\t\t\t\t\t\t\t\t\t<p>Stay informed about the latest trends in marketing, project management, and optimization. Our blog shares analyses, practical advice, and news to help you stay competitive and innovate in your sector.<\/p>\n\t\t\t\t\t\t\t\t<\/div>\n\t\t\t\t<\/div>\n\t\t\t\t<div class=\"elementor-element elementor-element-3ad3654b elementor-widget-divider--view-line exwb-magnet-no exad-sticky-section-no exad-glass-effect-no elementor-widget elementor-widget-divider\" data-id=\"3ad3654b\" data-element_type=\"widget\" data-e-type=\"widget\" data-widget_type=\"divider.default\">\n\t\t\t\t<div class=\"elementor-widget-container\">\n\t\t\t\t\t\t\t<div class=\"elementor-divider\">\n\t\t\t<span class=\"elementor-divider-separator\">\n\t\t\t\t\t\t<\/span>\n\t\t<\/div>\n\t\t\t\t\t\t<\/div>\n\t\t\t\t<\/div>\n\t\t\t\t<div class=\"elementor-element elementor-element-55811b14 exwb-magnet-no exad-sticky-section-no exad-glass-effect-no elementor-widget elementor-widget-exad-breadcrumbs\" data-id=\"55811b14\" data-element_type=\"widget\" data-e-type=\"widget\" data-widget_type=\"exad-breadcrumbs.default\">\n\t\t\t\t<div class=\"elementor-widget-container\">\n\t\t\t\t\t\t\t  \n\t\t\t<div class=\"exad-breadcrumb-wrapper\">\n\t\t\t\t<ul class=\"exad-breadcrumb-items\">\n\t\t\t\t\t\t\t\t<\/ul>\n\t\t\t<\/div>\n\t\t\t\t\t\t<\/div>\n\t\t\t\t<\/div>\n\t\t\t\t<\/div>\n\t\t\t\t\t<\/div>\n\t\t\t\t<\/div>\n\t\t\t\t<\/div>\n\t\t<div class=\"elementor-element elementor-element-51198a7 e-flex e-con-boxed e-con e-parent\" data-id=\"51198a7\" data-element_type=\"container\" data-e-type=\"container\">\n\t\t\t\t\t<div class=\"e-con-inner\">\n\t\t\t\t<div class=\"elementor-element elementor-element-9121262 exwb-magnet-no exad-sticky-section-no exad-glass-effect-no elementor-widget elementor-widget-exad-filterable-post\" data-id=\"9121262\" data-element_type=\"widget\" data-e-type=\"widget\" data-widget_type=\"exad-filterable-post.default\">\n\t\t\t\t<div class=\"elementor-widget-container\">\n\t\t\t\t\t\r\n\t\t<div class=\"exad-filterable-items exad-filterable-menu-container-align-top\" id =\"exad-filterable-filterable-id-9121262\">\r\n\t\t\t\t\t\t<div class=\"exad-filterable-menu-container\">\r\n\t\t\t\t\t\r\n\t\t<ul class=\"exad-filterable-menu\"  >\r\n\t\t\t<li class=\"filter-item current\"  data-filter=\"*\">\r\n\t\t\t\tAll\t\t\t<\/li>\r\n\t\t\t\t\t\t\t\t<li class=\"filter-item\" data-filter=\".coaching-en\">\r\n\t\t\t\t\t\tCOACHING\t\t\t\t\t<\/li>\r\n\t\t\t\t\t\t\t\t\t<li class=\"filter-item\" data-filter=\".news\">\r\n\t\t\t\t\t\tNEWS\t\t\t\t\t<\/li>\r\n\t\t\t\t\t\t\t\t\t<li class=\"filter-item\" data-filter=\".organization\">\r\n\t\t\t\t\t\tORGANIZATION\t\t\t\t\t<\/li>\r\n\t\t\t\t\t\t\t\t\t<li class=\"filter-item\" data-filter=\".project-support\">\r\n\t\t\t\t\t\tPROJECT SUPPORT\t\t\t\t\t<\/li>\r\n\t\t\t\t\t\t\r\n\t\t<\/ul>\r\n\t\r\n    \t\t\t<\/div>\r\n\t\t\t\t\t\t<div class=\"exad-filterable-controls\">\r\n\t\t\t\t<div class=\"filterable-post-container exad-row-wrapper exad-col-4\" id=\"filters-9121262\">\r\n\t\t\t\t\t\r\n<article class=\"exad-post-grid-three exad-col  exad-filterable-item facultatif-en organization project-support\">\r\n    <div class=\"exad-post-grid-container image-position-top exad-post-grid-equal-height- \">\r\n                    <figure class=\"exad-post-grid-thumbnail\">\r\n                <a href=\"https:\/\/nurviapartners.com\/en\/project-management-and-business-strategy-the-missing-link\/\" >\r\n                    <img loading=\"lazy\" decoding=\"async\" width=\"300\" height=\"168\" src=\"https:\/\/nurviapartners.com\/wp-content\/uploads\/2026\/04\/Chainon-manquant.jpg\" class=\"attachment-medium_large size-medium_large wp-post-image\" alt=\"Nurvia Partners Consel aux Entreprises\" title=\"\">                <\/a>\r\n                \r\n                            <\/figure>\r\n        \t\t\r\n\t\t        <div class=\"exad-post-grid-body\">\r\n                            <ul class=\"exad-post-grid-category cat-posdefault\">\r\n                    <li><a href=\"https:\/\/nurviapartners.com\/en\/category\/organization\/\">ORGANIZATION<\/a><\/li> <li><a href=\"https:\/\/nurviapartners.com\/en\/category\/project-support\/\">PROJECT SUPPORT<\/a><\/li>                <\/ul>\r\n            \t\t\t\t\r\n\t\t\t\t\t\t\t\r\n                    <h3>\r\n\t\t\t\t\t\r\n\t\t\t\t\t\t\t\r\n                        <a href=\"https:\/\/nurviapartners.com\/en\/project-management-and-business-strategy-the-missing-link\/\" class=\"exad-post-grid-title\">Project Management and Business Strategy: The Missing Link<\/a>\r\n\t\t\t\t\r\n\t\t\t\t\t\t\t\t\t\r\n                    <\/h3>\r\n\t\t\t\t\t\r\n\t\t\t\t\t\t\t\t\r\n                                <div class=\"exad-post-grid-description\">\r\n                    For many SMEs and VSEs, strategy is clearly defined, yet execution often falls short. At Nurvia Partners, we see this gap not in ambition, but in the connection between strategic...                <\/div>\r\n                            <div class=\"exad-post-footer\"><a href=\"https:\/\/nurviapartners.com\/en\/project-management-and-business-strategy-the-missing-link\/\" target=\"_blank\" class=\"read-more\">READ<\/a><\/div>\r\n            \r\n        <\/div>\r\n        \t\t\r\n\t\t\t\t\r\n    <\/div>\r\n<\/article>\r\n\r\n<article class=\"exad-post-grid-three exad-col  exad-filterable-item facultatif-en project-support\">\r\n    <div class=\"exad-post-grid-container image-position-top exad-post-grid-equal-height- \">\r\n        \t\t\r\n\t\t        <div class=\"exad-post-grid-body\">\r\n                            <ul class=\"exad-post-grid-category cat-posdefault\">\r\n                    <li><a href=\"https:\/\/nurviapartners.com\/en\/category\/project-support\/\">PROJECT SUPPORT<\/a><\/li>                <\/ul>\r\n            \t\t\t\t\r\n\t\t\t\t\t\t\t\r\n                    <h3>\r\n\t\t\t\t\t\r\n\t\t\t\t\t\t\t\r\n                        <a href=\"https:\/\/nurviapartners.com\/en\/to-compare-project-manager-as-we-used-to-use-excel-5-years-ago\/\" class=\"exad-post-grid-title\">To compare Project Manager as we used to use excel 5 years ago<\/a>\r\n\t\t\t\t\r\n\t\t\t\t\t\t\t\t\t\r\n                    <\/h3>\r\n\t\t\t\t\t\r\n\t\t\t\t\t\t\t\t\r\n                                <div class=\"exad-post-grid-description\">\r\n                    In many SMEs, project management still relies on Excel spreadsheets created years ago. While this approach once seemed practical, growing teams, tighter deadlines, and multiple projects now expose its operational...                <\/div>\r\n                            <div class=\"exad-post-footer\"><a href=\"https:\/\/nurviapartners.com\/en\/to-compare-project-manager-as-we-used-to-use-excel-5-years-ago\/\" target=\"_blank\" class=\"read-more\">READ<\/a><\/div>\r\n            \r\n        <\/div>\r\n        \t\t\r\n\t\t\t\t\r\n    <\/div>\r\n<\/article>\r\n\r\n<article class=\"exad-post-grid-three exad-col  exad-filterable-item coaching-en facultatif-en\">\r\n    <div class=\"exad-post-grid-container image-position-top exad-post-grid-equal-height- \">\r\n        \t\t\r\n\t\t        <div class=\"exad-post-grid-body\">\r\n                            <ul class=\"exad-post-grid-category cat-posdefault\">\r\n                    <li><a href=\"https:\/\/nurviapartners.com\/en\/category\/coaching-en\/\">COACHING<\/a><\/li>                <\/ul>\r\n            \t\t\t\t\r\n\t\t\t\t\t\t\t\r\n                    <h3>\r\n\t\t\t\t\t\r\n\t\t\t\t\t\t\t\r\n                        <a href=\"https:\/\/nurviapartners.com\/en\/the-crucial-importance-of-managers-and-team-leaders-in-smes-and-vses\/\" class=\"exad-post-grid-title\">The Crucial Importance of Managers and Team Leaders in SMEs and VSEs<\/a>\r\n\t\t\t\t\r\n\t\t\t\t\t\t\t\t\t\r\n                    <\/h3>\r\n\t\t\t\t\t\r\n\t\t\t\t\t\t\t\t\r\n                                <div class=\"exad-post-grid-description\">\r\n                    In many SMEs and VSEs, growth does not fail because of strategy, but because middle management lacks the tools to coordinate people, priorities, and decisions. Sustainable performance depends largely on...                <\/div>\r\n                            <div class=\"exad-post-footer\"><a href=\"https:\/\/nurviapartners.com\/en\/the-crucial-importance-of-managers-and-team-leaders-in-smes-and-vses\/\" target=\"_blank\" class=\"read-more\">READ<\/a><\/div>\r\n            \r\n        <\/div>\r\n        \t\t\r\n\t\t\t\t\r\n    <\/div>\r\n<\/article>\r\n\r\n<article class=\"exad-post-grid-three exad-col  exad-filterable-item facultatif-en project-support\">\r\n    <div class=\"exad-post-grid-container image-position-top exad-post-grid-equal-height- \">\r\n        \t\t\r\n\t\t        <div class=\"exad-post-grid-body\">\r\n                            <ul class=\"exad-post-grid-category cat-posdefault\">\r\n                    <li><a href=\"https:\/\/nurviapartners.com\/en\/category\/project-support\/\">PROJECT SUPPORT<\/a><\/li>                <\/ul>\r\n            \t\t\t\t\r\n\t\t\t\t\t\t\t\r\n                    <h3>\r\n\t\t\t\t\t\r\n\t\t\t\t\t\t\t\r\n                        <a href=\"https:\/\/nurviapartners.com\/en\/why-excel-is-the-worst-enemy-of-your-complex-projects\/\" class=\"exad-post-grid-title\">Why Excel is the Worst Enemy of Your Complex Projects<\/a>\r\n\t\t\t\t\r\n\t\t\t\t\t\t\t\t\t\r\n                    <\/h3>\r\n\t\t\t\t\t\r\n\t\t\t\t\t\t\t\t\r\n                                <div class=\"exad-post-grid-description\">\r\n                    In many SMEs and small businesses, Excel remains the default tool for project management. Planning, task tracking, budgets, and reporting\u2014everything ends up in a spreadsheet. Initially, this approach seems simple,...                <\/div>\r\n                            <div class=\"exad-post-footer\"><a href=\"https:\/\/nurviapartners.com\/en\/why-excel-is-the-worst-enemy-of-your-complex-projects\/\" target=\"_blank\" class=\"read-more\">READ<\/a><\/div>\r\n            \r\n        <\/div>\r\n        \t\t\r\n\t\t\t\t\r\n    <\/div>\r\n<\/article>\r\n\r\n<article class=\"exad-post-grid-three exad-col  exad-filterable-item facultatif-en news organization\">\r\n    <div class=\"exad-post-grid-container image-position-top exad-post-grid-equal-height- \">\r\n        \t\t\r\n\t\t        <div class=\"exad-post-grid-body\">\r\n                            <ul class=\"exad-post-grid-category cat-posdefault\">\r\n                    <li><a href=\"https:\/\/nurviapartners.com\/en\/category\/news\/\">NEWS<\/a><\/li> <li><a href=\"https:\/\/nurviapartners.com\/en\/category\/organization\/\">ORGANIZATION<\/a><\/li>                <\/ul>\r\n            \t\t\t\t\r\n\t\t\t\t\t\t\t\r\n                    <h3>\r\n\t\t\t\t\t\r\n\t\t\t\t\t\t\t\r\n                        <a href=\"https:\/\/nurviapartners.com\/en\/balanced-leadership-when-relational-intelligence-boosts-sme-profitability\/\" class=\"exad-post-grid-title\">Balanced Leadership: When Relational Intelligence Boosts SME Profitability<\/a>\r\n\t\t\t\t\r\n\t\t\t\t\t\t\t\t\t\r\n                    <\/h3>\r\n\t\t\t\t\t\r\n\t\t\t\t\t\t\t\t\r\n                                <div class=\"exad-post-grid-description\">\r\n                    Are tensions within your teams slowing down decisions and eroding margins? In many small and medium-sized businesses, leadership is still associated with assertion and confrontation. Yet operational reality shows that...                <\/div>\r\n                            <div class=\"exad-post-footer\"><a href=\"https:\/\/nurviapartners.com\/en\/balanced-leadership-when-relational-intelligence-boosts-sme-profitability\/\" target=\"_blank\" class=\"read-more\">READ<\/a><\/div>\r\n            \r\n        <\/div>\r\n        \t\t\r\n\t\t\t\t\r\n    <\/div>\r\n<\/article>\r\n\r\n<article class=\"exad-post-grid-three exad-col  exad-filterable-item facultatif-en news\">\r\n    <div class=\"exad-post-grid-container image-position-top exad-post-grid-equal-height- \">\r\n        \t\t\r\n\t\t        <div class=\"exad-post-grid-body\">\r\n                            <ul class=\"exad-post-grid-category cat-posdefault\">\r\n                    <li><a href=\"https:\/\/nurviapartners.com\/en\/category\/news\/\">NEWS<\/a><\/li>                <\/ul>\r\n            \t\t\t\t\r\n\t\t\t\t\t\t\t\r\n                    <h3>\r\n\t\t\t\t\t\r\n\t\t\t\t\t\t\t\r\n                        <a href=\"https:\/\/nurviapartners.com\/en\/power-bi-project-management-smart-steering-3-concrete-cases\/\" class=\"exad-post-grid-title\">Power BI + Project Management = Smart Steering: 3 Concrete Cases<\/a>\r\n\t\t\t\t\r\n\t\t\t\t\t\t\t\t\t\r\n                    <\/h3>\r\n\t\t\t\t\t\r\n\t\t\t\t\t\t\t\t\r\n                                <div class=\"exad-post-grid-description\">\r\n                    Are you managing your projects &#8220;by feel,&#8221; juggling Excel, emails, and impromptu meetings? You&#8217;re not alone, yet for a VSE or SME, every deviation in deadline or margin heavily impacts...                <\/div>\r\n                            <div class=\"exad-post-footer\"><a href=\"https:\/\/nurviapartners.com\/en\/power-bi-project-management-smart-steering-3-concrete-cases\/\" target=\"_blank\" class=\"read-more\">READ<\/a><\/div>\r\n            \r\n        <\/div>\r\n        \t\t\r\n\t\t\t\t\r\n    <\/div>\r\n<\/article>\r\n\t\t\t\t<\/div>\r\n\t\t\t<\/div>\r\n\t\t<\/div>\r\n    \t\t\t\t\t<\/div>\n\t\t\t\t<\/div>\n\t\t\t\t\t<\/div>\n\t\t\t\t<\/div>\n\t\t\t\t<\/div>\n\t\t","protected":false},"excerpt":{"rendered":"<p>Stay informed about the latest trends in marketing, project management, and optimization. Our blog shares analyses, practical advice, and news to help you stay competitive and innovate in your sector. Tout COACHING MARKETING ORGANISATION SUPPORT PROJET MARKETING La R\u00e9volution Silencieuse : Comment l&rsquo;IA Red\u00e9finit le Marketing Digital Le marketing digital est en constante \u00e9volution, mais [&hellip;]<\/p>\n","protected":false},"author":1,"featured_media":0,"parent":0,"menu_order":0,"comment_status":"closed","ping_status":"closed","template":"","meta":{"footnotes":""},"class_list":["post-2291","page","type-page","status-publish","hentry"],"blocksy_meta":[],"meta_box":[],"_links":{"self":[{"href":"https:\/\/nurviapartners.com\/en\/wp-json\/wp\/v2\/pages\/2291","targetHints":{"allow":["GET"]}}],"collection":[{"href":"https:\/\/nurviapartners.com\/en\/wp-json\/wp\/v2\/pages"}],"about":[{"href":"https:\/\/nurviapartners.com\/en\/wp-json\/wp\/v2\/types\/page"}],"author":[{"embeddable":true,"href":"https:\/\/nurviapartners.com\/en\/wp-json\/wp\/v2\/users\/1"}],"replies":[{"embeddable":true,"href":"https:\/\/nurviapartners.com\/en\/wp-json\/wp\/v2\/comments?post=2291"}],"version-history":[{"count":1,"href":"https:\/\/nurviapartners.com\/en\/wp-json\/wp\/v2\/pages\/2291\/revisions"}],"predecessor-version":[{"id":2292,"href":"https:\/\/nurviapartners.com\/en\/wp-json\/wp\/v2\/pages\/2291\/revisions\/2292"}],"wp:attachment":[{"href":"https:\/\/nurviapartners.com\/en\/wp-json\/wp\/v2\/media?parent=2291"}],"curies":[{"name":"wp","href":"https:\/\/api.w.org\/{rel}","templated":true}]}}